{"id":16,"date":"2021-05-10T17:15:54","date_gmt":"2021-05-10T17:15:54","guid":{"rendered":"https:\/\/elke-duensing.de\/?page_id=16"},"modified":"2022-11-28T16:44:34","modified_gmt":"2022-11-28T16:44:34","slug":"vita","status":"publish","type":"page","link":"https:\/\/elke-duensing.de\/en\/vita\/","title":{"rendered":"ABOUT ME"},"content":{"rendered":"\t\t<div data-elementor-type=\"wp-page\" data-elementor-id=\"16\" class=\"elementor elementor-16\" data-elementor-post-type=\"page\">\n\t\t\t\t\t\t<section class=\"elementor-section elementor-top-section elementor-element elementor-element-41dcdcd9 elementor-section-boxed elementor-section-height-default elementor-section-height-default\" data-id=\"41dcdcd9\" data-element_type=\"section\" data-e-type=\"section\">\n\t\t\t\t\t\t<div class=\"elementor-container elementor-column-gap-default\">\n\t\t\t\t\t<div class=\"elementor-column elementor-col-100 elementor-top-column elementor-element elementor-element-2fe3dc7a\" data-id=\"2fe3dc7a\" data-element_type=\"column\" data-e-type=\"column\">\n\t\t\t<div class=\"elementor-widget-wrap elementor-element-populated\">\n\t\t\t\t\t\t<div class=\"elementor-element elementor-element-2c1f42b1 elementor-widget elementor-widget-spacer\" data-id=\"2c1f42b1\" data-element_type=\"widget\" data-e-type=\"widget\" data-widget_type=\"spacer.default\">\n\t\t\t\t<div class=\"elementor-widget-container\">\n\t\t\t\t\t\t\t<div class=\"elementor-spacer\">\n\t\t\t<div class=\"elementor-spacer-inner\"><\/div>\n\t\t<\/div>\n\t\t\t\t\t\t<\/div>\n\t\t\t\t<\/div>\n\t\t\t\t<section class=\"elementor-section elementor-inner-section elementor-element elementor-element-146727f elementor-section-boxed elementor-section-height-default elementor-section-height-default\" data-id=\"146727f\" data-element_type=\"section\" data-e-type=\"section\">\n\t\t\t\t\t\t<div class=\"elementor-container elementor-column-gap-default\">\n\t\t\t\t\t<div class=\"elementor-column elementor-col-50 elementor-inner-column elementor-element elementor-element-6570708\" data-id=\"6570708\" data-element_type=\"column\" data-e-type=\"column\">\n\t\t\t<div class=\"elementor-widget-wrap elementor-element-populated\">\n\t\t\t\t\t\t<div class=\"elementor-element elementor-element-bde8725 elementor-widget elementor-widget-image\" data-id=\"bde8725\" data-element_type=\"widget\" data-e-type=\"widget\" data-widget_type=\"image.default\">\n\t\t\t\t<div class=\"elementor-widget-container\">\n\t\t\t\t\t\t\t\t\t\t\t\t\t\t\t<img fetchpriority=\"high\" decoding=\"async\" width=\"396\" height=\"600\" src=\"https:\/\/elke-duensing.de\/wp-content\/uploads\/2021\/05\/elke_portrait_600pix.jpg\" class=\"attachment-large size-large wp-image-264\" alt=\"\" srcset=\"https:\/\/elke-duensing.de\/wp-content\/uploads\/2021\/05\/elke_portrait_600pix.jpg 396w, https:\/\/elke-duensing.de\/wp-content\/uploads\/2021\/05\/elke_portrait_600pix-198x300.jpg 198w\" sizes=\"(max-width: 396px) 100vw, 396px\" \/>\t\t\t\t\t\t\t\t\t\t\t\t\t\t\t<\/div>\n\t\t\t\t<\/div>\n\t\t\t\t\t<\/div>\n\t\t<\/div>\n\t\t\t\t<div class=\"elementor-column elementor-col-50 elementor-inner-column elementor-element elementor-element-4b1e0d1\" data-id=\"4b1e0d1\" data-element_type=\"column\" data-e-type=\"column\">\n\t\t\t<div class=\"elementor-widget-wrap elementor-element-populated\">\n\t\t\t\t\t\t<div class=\"elementor-element elementor-element-11b44b6 elementor-widget elementor-widget-heading\" data-id=\"11b44b6\" data-element_type=\"widget\" data-e-type=\"widget\" data-widget_type=\"heading.default\">\n\t\t\t\t<div class=\"elementor-widget-container\">\n\t\t\t\t\t<h1 class=\"elementor-heading-title elementor-size-default\">Pers\u00f6nliches<\/h1>\t\t\t\t<\/div>\n\t\t\t\t<\/div>\n\t\t\t\t<div class=\"elementor-element elementor-element-0b27267 elementor-widget elementor-widget-text-editor\" data-id=\"0b27267\" data-element_type=\"widget\" data-e-type=\"widget\" data-widget_type=\"text-editor.default\">\n\t\t\t\t<div class=\"elementor-widget-container\">\n\t\t\t\t\t\t\t\t\t<ul><li>1967\u00a0\u00a0 \u00a0 \u00a0 \u00a0 \u00a0\u00a0 in Th\u00fcringen geboren<\/li><li>1985-1990\u00a0 Studium an der P\u00e4dagogischen Hochschule \u201eDr. Theodor Neubauer\u201c in Erfurt<\/li><li>1990\u00a0\u00a0\u00a0\u00a0\u00a0\u00a0\u00a0\u00a0\u00a0\u00a0\u00a0 Hochschulabschluss als Diplomlehrerin f\u00fcr Kunsterziehung und Germanistik<\/li><li>Seit 1990\u00a0\u00a0\u00a0 Lehrt\u00e4tigkeiten in Sachsen-Anhalt, Th\u00fcringen, Schleswig-Holstein, Athen\/Griechenland<br \/>\u00a0\u00a0\u00a0\u00a0\u00a0\u00a0\u00a0\u00a0\u00a0\u00a0\u00a0\u00a0\u00a0\u00a0\u00a0\u00a0\u00a0\u00a0\u00a0\u00a0 Begeisterung f\u00fcr die Antike und die griechische Mythologie<\/li><\/ul>\t\t\t\t\t\t\t\t<\/div>\n\t\t\t\t<\/div>\n\t\t\t\t<div class=\"elementor-element elementor-element-db472c9 elementor-widget elementor-widget-text-editor\" data-id=\"db472c9\" data-element_type=\"widget\" data-e-type=\"widget\" data-widget_type=\"text-editor.default\">\n\t\t\t\t<div class=\"elementor-widget-container\">\n\t\t\t\t\t\t\t\t\t<p>Von der Kunst in all ihren Facetten begeistert, habe ich meist erfolgreich meine Sch\u00fclerinnen und Sch\u00fcler und auch meine Tochter gef\u00fchrt und inspiriert &#8211; selbst viel gelernt, gestaunt und neue Ideen entwickelt.<\/p>\t\t\t\t\t\t\t\t<\/div>\n\t\t\t\t<\/div>\n\t\t\t\t\t<\/div>\n\t\t<\/div>\n\t\t\t\t\t<\/div>\n\t\t<\/section>\n\t\t\t\t<div class=\"elementor-element elementor-element-c958b63 elementor-widget elementor-widget-text-editor\" data-id=\"c958b63\" data-element_type=\"widget\" data-e-type=\"widget\" data-widget_type=\"text-editor.default\">\n\t\t\t\t<div class=\"elementor-widget-container\">\n\t\t\t\t\t\t\t\t\t<p>Zahlreiche Kunstausstellungen und Wettbewerbe organisierte ich mit Kindern, Jugendlichen und jungen Erwachsenen. Studienreisen des musisch-\u00e4sthetischen Profils der PUS Eckernf\u00f6rde nach Griechenland und Spanien begeisterten meine Abiturienten und mich vor Ort.<\/p><p>Zeit f\u00fcr meine eigenen Werke hatte ich als alleinerziehende Mutter und Oberstudienr\u00e4tin wenig \u2013 konzentrierte mich zun\u00e4chst in meinem k\u00fcnstlerischen Schaffen auf das Interieur meiner eigenen R\u00e4umlichkeiten und fand dabei auch neue Ausdrucksm\u00f6glichkeiten in der Malerei beim Spiel mit Farbe und Material.<\/p><p>2008 stellte ich mit anderen K\u00fcnstlern in den Stadtwerken Eckernf\u00f6rde aus.<\/p><p>Die Liebe zum Fotografieren entdeckte ich w\u00e4hrend eines mehrj\u00e4hrigen Aufenthaltes in Griechenland und den damit verbundenen Reisen auf Inseln und in Nachbarstaaten. Nach meiner R\u00fcckkehr aus dem Auslandsschuldienst, inspiriert durch herzliche Begegnungen, voller neuer Eindr\u00fccke und Ideen widmete ich mich wieder der Malerei.<\/p><p>Inspiriert haben mich auch die K\u00fcnstlerin Brigitte Koriath und der K\u00fcnstler Robert S\u00fcess.<\/p>\t\t\t\t\t\t\t\t<\/div>\n\t\t\t\t<\/div>\n\t\t\t\t\t<\/div>\n\t\t<\/div>\n\t\t\t\t\t<\/div>\n\t\t<\/section>\n\t\t\t\t<section class=\"elementor-section elementor-top-section elementor-element elementor-element-7b25193 elementor-section-boxed elementor-section-height-default elementor-section-height-default\" data-id=\"7b25193\" data-element_type=\"section\" data-e-type=\"section\">\n\t\t\t\t\t\t<div class=\"elementor-container elementor-column-gap-default\">\n\t\t\t\t\t<div class=\"elementor-column elementor-col-50 elementor-top-column elementor-element elementor-element-6fe1aef\" data-id=\"6fe1aef\" data-element_type=\"column\" data-e-type=\"column\">\n\t\t\t<div class=\"elementor-widget-wrap elementor-element-populated\">\n\t\t\t\t\t\t<div class=\"elementor-element elementor-element-af22fe5 elementor-widget elementor-widget-image\" data-id=\"af22fe5\" data-element_type=\"widget\" data-e-type=\"widget\" data-widget_type=\"image.default\">\n\t\t\t\t<div class=\"elementor-widget-container\">\n\t\t\t\t\t\t\t\t\t\t\t\t\t\t\t<img decoding=\"async\" width=\"800\" height=\"450\" src=\"https:\/\/elke-duensing.de\/wp-content\/uploads\/2021\/05\/DSCF2456.jpg\" class=\"attachment-large size-large wp-image-336\" alt=\"\" srcset=\"https:\/\/elke-duensing.de\/wp-content\/uploads\/2021\/05\/DSCF2456.jpg 800w, https:\/\/elke-duensing.de\/wp-content\/uploads\/2021\/05\/DSCF2456-300x169.jpg 300w, https:\/\/elke-duensing.de\/wp-content\/uploads\/2021\/05\/DSCF2456-768x432.jpg 768w\" sizes=\"(max-width: 800px) 100vw, 800px\" \/>\t\t\t\t\t\t\t\t\t\t\t\t\t\t\t<\/div>\n\t\t\t\t<\/div>\n\t\t\t\t<div class=\"elementor-element elementor-element-75fb46e elementor-widget elementor-widget-spacer\" data-id=\"75fb46e\" data-element_type=\"widget\" data-e-type=\"widget\" data-widget_type=\"spacer.default\">\n\t\t\t\t<div class=\"elementor-widget-container\">\n\t\t\t\t\t\t\t<div class=\"elementor-spacer\">\n\t\t\t<div class=\"elementor-spacer-inner\"><\/div>\n\t\t<\/div>\n\t\t\t\t\t\t<\/div>\n\t\t\t\t<\/div>\n\t\t\t\t\t<\/div>\n\t\t<\/div>\n\t\t\t\t<div class=\"elementor-column elementor-col-50 elementor-top-column elementor-element elementor-element-584fe93\" data-id=\"584fe93\" data-element_type=\"column\" data-e-type=\"column\">\n\t\t\t<div class=\"elementor-widget-wrap elementor-element-populated\">\n\t\t\t\t\t\t<div class=\"elementor-element elementor-element-27477e4 elementor-widget elementor-widget-text-editor\" data-id=\"27477e4\" data-element_type=\"widget\" data-e-type=\"widget\" data-widget_type=\"text-editor.default\">\n\t\t\t\t<div class=\"elementor-widget-container\">\n\t\t\t\t\t\t\t\t\t<p>Ich arbeite mit Strukturpasten, Acrylfarben, Papieren, Stoffen, Wachskreiden, Sand, Filz, Wandfarben, Pappmach\u00e9 u.v.m.<\/p><p>Haben Sie Fragen zu meinen Bildern? Ich freue mich auf eine Nachricht von Ihnen!<\/p>\t\t\t\t\t\t\t\t<\/div>\n\t\t\t\t<\/div>\n\t\t\t\t<div class=\"elementor-element elementor-element-b36fa47 elementor-align-center elementor-widget elementor-widget-button\" data-id=\"b36fa47\" data-element_type=\"widget\" data-e-type=\"widget\" data-widget_type=\"button.default\">\n\t\t\t\t<div class=\"elementor-widget-container\">\n\t\t\t\t\t\t\t\t\t<div class=\"elementor-button-wrapper\">\n\t\t\t\t\t<a class=\"elementor-button elementor-button-link elementor-size-sm\" href=\"https:\/\/elke-duensing.de\/kontakt\/\">\n\t\t\t\t\t\t<span class=\"elementor-button-content-wrapper\">\n\t\t\t\t\t\t<span class=\"elementor-button-icon\">\n\t\t\t\t<i aria-hidden=\"true\" class=\"fas fa-check\"><\/i>\t\t\t<\/span>\n\t\t\t\t\t\t\t\t\t<span class=\"elementor-button-text\">zum Kontaktformular<\/span>\n\t\t\t\t\t<\/span>\n\t\t\t\t\t<\/a>\n\t\t\t\t<\/div>\n\t\t\t\t\t\t\t\t<\/div>\n\t\t\t\t<\/div>\n\t\t\t\t\t<\/div>\n\t\t<\/div>\n\t\t\t\t\t<\/div>\n\t\t<\/section>\n\t\t\t\t<section class=\"elementor-section elementor-top-section elementor-element elementor-element-1721e7e elementor-section-boxed elementor-section-height-default elementor-section-height-default\" data-id=\"1721e7e\" data-element_type=\"section\" data-e-type=\"section\" data-settings=\"{&quot;background_background&quot;:&quot;classic&quot;}\">\n\t\t\t\t\t\t<div class=\"elementor-container elementor-column-gap-default\">\n\t\t\t\t\t<div class=\"elementor-column elementor-col-100 elementor-top-column elementor-element elementor-element-2162a29\" data-id=\"2162a29\" data-element_type=\"column\" data-e-type=\"column\">\n\t\t\t<div class=\"elementor-widget-wrap elementor-element-populated\">\n\t\t\t\t\t\t<div class=\"elementor-element elementor-element-2f6dae3 elementor-widget elementor-widget-text-editor\" data-id=\"2f6dae3\" data-element_type=\"widget\" data-e-type=\"widget\" data-widget_type=\"text-editor.default\">\n\t\t\t\t<div class=\"elementor-widget-container\">\n\t\t\t\t\t\t\t\t\t<p>[\u00a0 <a href=\"https:\/\/elke-duensing.de\/impressum\/\">IMPRESSUM<\/a>\u00a0 \u00a0 I\u00a0 \u00a0 <a href=\"https:\/\/elke-duensing.de\/datenschutzerklaerung\/\">DATENSCHUTZERKL\u00c4RUNG<\/a>\u00a0 ]<\/p>\t\t\t\t\t\t\t\t<\/div>\n\t\t\t\t<\/div>\n\t\t\t\t<div class=\"elementor-element elementor-element-8db0f10 elementor-widget elementor-widget-text-editor\" data-id=\"8db0f10\" data-element_type=\"widget\" data-e-type=\"widget\" data-widget_type=\"text-editor.default\">\n\t\t\t\t<div class=\"elementor-widget-container\">\n\t\t\t\t\t\t\t\t\t<p><a  href=\"#consent-change\" role=\"button\" id=\"rcb-sc-link-change\" data-success-message=\"\" class=\"rcb-sc-link rcb-sc-link-change \">Privatsph\u00e4re-Einstellungen \u00e4ndern<\/a> I\u00a0 <a  href=\"#consent-history\" role=\"button\" id=\"rcb-sc-link-history\" data-success-message=\"\" class=\"rcb-sc-link rcb-sc-link-history \">Historie der Privatsph\u00e4re-Einstellungen<\/a>\u00a0 I <a  href=\"#consent-revoke\" role=\"button\" id=\"rcb-sc-link-revoke\" data-success-message=\"Du hast die Einwilligung erfolgreich widerrufen. Die Seite wird nun neu geladen.\" class=\"rcb-sc-link rcb-sc-link-revoke \">Einwilligungen widerrufen<\/a><\/p>\t\t\t\t\t\t\t\t<\/div>\n\t\t\t\t<\/div>\n\t\t\t\t\t<\/div>\n\t\t<\/div>\n\t\t\t\t\t<\/div>\n\t\t<\/section>\n\t\t\t\t<\/div>\n\t\t","protected":false},"excerpt":{"rendered":"<p>Pers\u00f6nliches 1967\u00a0\u00a0 \u00a0 \u00a0 \u00a0 \u00a0\u00a0 in Th\u00fcringen geboren 1985-1990\u00a0 Studium an der P\u00e4dagogischen Hochschule \u201eDr. Theodor Neubauer\u201c in Erfurt 1990\u00a0\u00a0\u00a0\u00a0\u00a0\u00a0\u00a0\u00a0\u00a0\u00a0\u00a0 Hochschulabschluss als Diplomlehrerin f\u00fcr Kunsterziehung und Germanistik Seit 1990\u00a0\u00a0\u00a0 Lehrt\u00e4tigkeiten in Sachsen-Anhalt, Th\u00fcringen, Schleswig-Holstein, Athen\/Griechenland\u00a0\u00a0\u00a0\u00a0\u00a0\u00a0\u00a0\u00a0\u00a0\u00a0\u00a0\u00a0\u00a0\u00a0\u00a0\u00a0\u00a0\u00a0\u00a0\u00a0 Begeisterung f\u00fcr die Antike und die griechische Mythologie Von der Kunst in all ihren Facetten begeistert, habe ich meist [&hellip;]<\/p>\n","protected":false},"author":1,"featured_media":0,"parent":0,"menu_order":0,"comment_status":"closed","ping_status":"closed","template":"","meta":{"ocean_post_layout":"full-screen","ocean_both_sidebars_style":"","ocean_both_sidebars_content_width":0,"ocean_both_sidebars_sidebars_width":0,"ocean_sidebar":"0","ocean_second_sidebar":"0","ocean_disable_margins":"enable","ocean_add_body_class":"","ocean_shortcode_before_top_bar":"","ocean_shortcode_after_top_bar":"","ocean_shortcode_before_header":"","ocean_shortcode_after_header":"","ocean_has_shortcode":"","ocean_shortcode_after_title":"","ocean_shortcode_before_footer_widgets":"","ocean_shortcode_after_footer_widgets":"","ocean_shortcode_before_footer_bottom":"","ocean_shortcode_after_footer_bottom":"","ocean_display_top_bar":"off","ocean_display_header":"default","ocean_header_style":"","ocean_center_header_left_menu":"0","ocean_custom_header_template":"0","ocean_custom_logo":0,"ocean_custom_retina_logo":0,"ocean_custom_logo_max_width":0,"ocean_custom_logo_tablet_max_width":0,"ocean_custom_logo_mobile_max_width":0,"ocean_custom_logo_max_height":0,"ocean_custom_logo_tablet_max_height":0,"ocean_custom_logo_mobile_max_height":0,"ocean_header_custom_menu":"0","ocean_menu_typo_font_family":"0","ocean_menu_typo_font_subset":"","ocean_menu_typo_font_size":0,"ocean_menu_typo_font_size_tablet":0,"ocean_menu_typo_font_size_mobile":0,"ocean_menu_typo_font_size_unit":"px","ocean_menu_typo_font_weight":"","ocean_menu_typo_font_weight_tablet":"","ocean_menu_typo_font_weight_mobile":"","ocean_menu_typo_transform":"","ocean_menu_typo_transform_tablet":"","ocean_menu_typo_transform_mobile":"","ocean_menu_typo_line_height":0,"ocean_menu_typo_line_height_tablet":0,"ocean_menu_typo_line_height_mobile":0,"ocean_menu_typo_line_height_unit":"","ocean_menu_typo_spacing":0,"ocean_menu_typo_spacing_tablet":0,"ocean_menu_typo_spacing_mobile":0,"ocean_menu_typo_spacing_unit":"","ocean_menu_link_color":"","ocean_menu_link_color_hover":"","ocean_menu_link_color_active":"","ocean_menu_link_background":"","ocean_menu_link_hover_background":"","ocean_menu_link_active_background":"","ocean_menu_social_links_bg":"","ocean_menu_social_hover_links_bg":"","ocean_menu_social_links_color":"","ocean_menu_social_hover_links_color":"","ocean_disable_title":"on","ocean_disable_heading":"default","ocean_post_title":"","ocean_post_subheading":"","ocean_post_title_style":"","ocean_post_title_background_color":"","ocean_post_title_background":0,"ocean_post_title_bg_image_position":"","ocean_post_title_bg_image_attachment":"","ocean_post_title_bg_image_repeat":"","ocean_post_title_bg_image_size":"","ocean_post_title_height":0,"ocean_post_title_bg_overlay":0.5,"ocean_post_title_bg_overlay_color":"","ocean_disable_breadcrumbs":"default","ocean_breadcrumbs_color":"","ocean_breadcrumbs_separator_color":"","ocean_breadcrumbs_links_color":"","ocean_breadcrumbs_links_hover_color":"","ocean_display_footer_widgets":"off","ocean_display_footer_bottom":"off","ocean_custom_footer_template":"0","footnotes":""},"class_list":["post-16","page","type-page","status-publish","hentry","entry"],"yoast_head":"<!-- This site is optimized with the Yoast SEO plugin v27.5 - https:\/\/yoast.com\/product\/yoast-seo-wordpress\/ -->\n<title>\u00dcBER MICH -<\/title>\n<meta name=\"robots\" content=\"index, follow, max-snippet:-1, max-image-preview:large, max-video-preview:-1\" \/>\n<link rel=\"canonical\" href=\"https:\/\/elke-duensing.de\/en\/vita\/\" \/>\n<meta property=\"og:locale\" content=\"en_US\" \/>\n<meta property=\"og:type\" content=\"article\" \/>\n<meta property=\"og:title\" content=\"\u00dcBER MICH -\" \/>\n<meta property=\"og:description\" content=\"Pers\u00f6nliches 1967\u00a0\u00a0 \u00a0 \u00a0 \u00a0 \u00a0\u00a0 in Th\u00fcringen geboren 1985-1990\u00a0 Studium an der P\u00e4dagogischen Hochschule \u201eDr. Theodor Neubauer\u201c in Erfurt 1990\u00a0\u00a0\u00a0\u00a0\u00a0\u00a0\u00a0\u00a0\u00a0\u00a0\u00a0 Hochschulabschluss als Diplomlehrerin f\u00fcr Kunsterziehung und Germanistik Seit 1990\u00a0\u00a0\u00a0 Lehrt\u00e4tigkeiten in Sachsen-Anhalt, Th\u00fcringen, Schleswig-Holstein, Athen\/Griechenland\u00a0\u00a0\u00a0\u00a0\u00a0\u00a0\u00a0\u00a0\u00a0\u00a0\u00a0\u00a0\u00a0\u00a0\u00a0\u00a0\u00a0\u00a0\u00a0\u00a0 Begeisterung f\u00fcr die Antike und die griechische Mythologie Von der Kunst in all ihren Facetten begeistert, habe ich meist [&hellip;]\" \/>\n<meta property=\"og:url\" content=\"https:\/\/elke-duensing.de\/en\/vita\/\" \/>\n<meta property=\"article:modified_time\" content=\"2022-11-28T16:44:34+00:00\" \/>\n<meta property=\"og:image\" content=\"https:\/\/elke-duensing.de\/wp-content\/uploads\/2021\/05\/elke_portrait_600pix.jpg\" \/>\n<meta name=\"twitter:card\" content=\"summary_large_image\" \/>\n<meta name=\"twitter:label1\" content=\"Est. reading time\" \/>\n\t<meta name=\"twitter:data1\" content=\"2 minutes\" \/>\n<script type=\"application\/ld+json\" class=\"yoast-schema-graph\">{\"@context\":\"https:\\\/\\\/schema.org\",\"@graph\":[{\"@type\":\"WebPage\",\"@id\":\"https:\\\/\\\/elke-duensing.de\\\/vita\\\/\",\"url\":\"https:\\\/\\\/elke-duensing.de\\\/vita\\\/\",\"name\":\"\u00dcBER MICH -\",\"isPartOf\":{\"@id\":\"https:\\\/\\\/elke-duensing.de\\\/#website\"},\"primaryImageOfPage\":{\"@id\":\"https:\\\/\\\/elke-duensing.de\\\/vita\\\/#primaryimage\"},\"image\":{\"@id\":\"https:\\\/\\\/elke-duensing.de\\\/vita\\\/#primaryimage\"},\"thumbnailUrl\":\"https:\\\/\\\/elke-duensing.de\\\/wp-content\\\/uploads\\\/2021\\\/05\\\/elke_portrait_600pix.jpg\",\"datePublished\":\"2021-05-10T17:15:54+00:00\",\"dateModified\":\"2022-11-28T16:44:34+00:00\",\"breadcrumb\":{\"@id\":\"https:\\\/\\\/elke-duensing.de\\\/vita\\\/#breadcrumb\"},\"inLanguage\":\"en-US\",\"potentialAction\":[{\"@type\":\"ReadAction\",\"target\":[\"https:\\\/\\\/elke-duensing.de\\\/vita\\\/\"]}]},{\"@type\":\"ImageObject\",\"inLanguage\":\"en-US\",\"@id\":\"https:\\\/\\\/elke-duensing.de\\\/vita\\\/#primaryimage\",\"url\":\"https:\\\/\\\/elke-duensing.de\\\/wp-content\\\/uploads\\\/2021\\\/05\\\/elke_portrait_600pix.jpg\",\"contentUrl\":\"https:\\\/\\\/elke-duensing.de\\\/wp-content\\\/uploads\\\/2021\\\/05\\\/elke_portrait_600pix.jpg\"},{\"@type\":\"BreadcrumbList\",\"@id\":\"https:\\\/\\\/elke-duensing.de\\\/vita\\\/#breadcrumb\",\"itemListElement\":[{\"@type\":\"ListItem\",\"position\":1,\"name\":\"Home\",\"item\":\"https:\\\/\\\/elke-duensing.de\\\/\"},{\"@type\":\"ListItem\",\"position\":2,\"name\":\"\u00dcBER MICH\"}]},{\"@type\":\"WebSite\",\"@id\":\"https:\\\/\\\/elke-duensing.de\\\/#website\",\"url\":\"https:\\\/\\\/elke-duensing.de\\\/\",\"name\":\"Elke Duensing\",\"description\":\"\",\"publisher\":{\"@id\":\"https:\\\/\\\/elke-duensing.de\\\/#\\\/schema\\\/person\\\/c93bf5fe9b38ecd63c1f4145d50a6fe4\"},\"potentialAction\":[{\"@type\":\"SearchAction\",\"target\":{\"@type\":\"EntryPoint\",\"urlTemplate\":\"https:\\\/\\\/elke-duensing.de\\\/?s={search_term_string}\"},\"query-input\":{\"@type\":\"PropertyValueSpecification\",\"valueRequired\":true,\"valueName\":\"search_term_string\"}}],\"inLanguage\":\"en-US\"},{\"@type\":[\"Person\",\"Organization\"],\"@id\":\"https:\\\/\\\/elke-duensing.de\\\/#\\\/schema\\\/person\\\/c93bf5fe9b38ecd63c1f4145d50a6fe4\",\"name\":\"Elke Duensing\",\"image\":{\"@type\":\"ImageObject\",\"inLanguage\":\"en-US\",\"@id\":\"https:\\\/\\\/elke-duensing.de\\\/wp-content\\\/uploads\\\/2021\\\/05\\\/elke_portrait_600pix.jpg\",\"url\":\"https:\\\/\\\/elke-duensing.de\\\/wp-content\\\/uploads\\\/2021\\\/05\\\/elke_portrait_600pix.jpg\",\"contentUrl\":\"https:\\\/\\\/elke-duensing.de\\\/wp-content\\\/uploads\\\/2021\\\/05\\\/elke_portrait_600pix.jpg\",\"width\":396,\"height\":600,\"caption\":\"Elke Duensing\"},\"logo\":{\"@id\":\"https:\\\/\\\/elke-duensing.de\\\/wp-content\\\/uploads\\\/2021\\\/05\\\/elke_portrait_600pix.jpg\"}}]}<\/script>\n<!-- \/ Yoast SEO plugin. -->","yoast_head_json":{"title":"\u00dcBER MICH -","robots":{"index":"index","follow":"follow","max-snippet":"max-snippet:-1","max-image-preview":"max-image-preview:large","max-video-preview":"max-video-preview:-1"},"canonical":"https:\/\/elke-duensing.de\/en\/vita\/","og_locale":"en_US","og_type":"article","og_title":"\u00dcBER MICH -","og_description":"Pers\u00f6nliches 1967\u00a0\u00a0 \u00a0 \u00a0 \u00a0 \u00a0\u00a0 in Th\u00fcringen geboren 1985-1990\u00a0 Studium an der P\u00e4dagogischen Hochschule \u201eDr. Theodor Neubauer\u201c in Erfurt 1990\u00a0\u00a0\u00a0\u00a0\u00a0\u00a0\u00a0\u00a0\u00a0\u00a0\u00a0 Hochschulabschluss als Diplomlehrerin f\u00fcr Kunsterziehung und Germanistik Seit 1990\u00a0\u00a0\u00a0 Lehrt\u00e4tigkeiten in Sachsen-Anhalt, Th\u00fcringen, Schleswig-Holstein, Athen\/Griechenland\u00a0\u00a0\u00a0\u00a0\u00a0\u00a0\u00a0\u00a0\u00a0\u00a0\u00a0\u00a0\u00a0\u00a0\u00a0\u00a0\u00a0\u00a0\u00a0\u00a0 Begeisterung f\u00fcr die Antike und die griechische Mythologie Von der Kunst in all ihren Facetten begeistert, habe ich meist [&hellip;]","og_url":"https:\/\/elke-duensing.de\/en\/vita\/","article_modified_time":"2022-11-28T16:44:34+00:00","og_image":[{"url":"https:\/\/elke-duensing.de\/wp-content\/uploads\/2021\/05\/elke_portrait_600pix.jpg","type":"","width":"","height":""}],"twitter_card":"summary_large_image","twitter_misc":{"Est. reading time":"2 minutes"},"schema":{"@context":"https:\/\/schema.org","@graph":[{"@type":"WebPage","@id":"https:\/\/elke-duensing.de\/vita\/","url":"https:\/\/elke-duensing.de\/vita\/","name":"\u00dcBER MICH -","isPartOf":{"@id":"https:\/\/elke-duensing.de\/#website"},"primaryImageOfPage":{"@id":"https:\/\/elke-duensing.de\/vita\/#primaryimage"},"image":{"@id":"https:\/\/elke-duensing.de\/vita\/#primaryimage"},"thumbnailUrl":"https:\/\/elke-duensing.de\/wp-content\/uploads\/2021\/05\/elke_portrait_600pix.jpg","datePublished":"2021-05-10T17:15:54+00:00","dateModified":"2022-11-28T16:44:34+00:00","breadcrumb":{"@id":"https:\/\/elke-duensing.de\/vita\/#breadcrumb"},"inLanguage":"en-US","potentialAction":[{"@type":"ReadAction","target":["https:\/\/elke-duensing.de\/vita\/"]}]},{"@type":"ImageObject","inLanguage":"en-US","@id":"https:\/\/elke-duensing.de\/vita\/#primaryimage","url":"https:\/\/elke-duensing.de\/wp-content\/uploads\/2021\/05\/elke_portrait_600pix.jpg","contentUrl":"https:\/\/elke-duensing.de\/wp-content\/uploads\/2021\/05\/elke_portrait_600pix.jpg"},{"@type":"BreadcrumbList","@id":"https:\/\/elke-duensing.de\/vita\/#breadcrumb","itemListElement":[{"@type":"ListItem","position":1,"name":"Home","item":"https:\/\/elke-duensing.de\/"},{"@type":"ListItem","position":2,"name":"\u00dcBER MICH"}]},{"@type":"WebSite","@id":"https:\/\/elke-duensing.de\/#website","url":"https:\/\/elke-duensing.de\/","name":"Elke Duensing","description":"","publisher":{"@id":"https:\/\/elke-duensing.de\/#\/schema\/person\/c93bf5fe9b38ecd63c1f4145d50a6fe4"},"potentialAction":[{"@type":"SearchAction","target":{"@type":"EntryPoint","urlTemplate":"https:\/\/elke-duensing.de\/?s={search_term_string}"},"query-input":{"@type":"PropertyValueSpecification","valueRequired":true,"valueName":"search_term_string"}}],"inLanguage":"en-US"},{"@type":["Person","Organization"],"@id":"https:\/\/elke-duensing.de\/#\/schema\/person\/c93bf5fe9b38ecd63c1f4145d50a6fe4","name":"Elke Duensing","image":{"@type":"ImageObject","inLanguage":"en-US","@id":"https:\/\/elke-duensing.de\/wp-content\/uploads\/2021\/05\/elke_portrait_600pix.jpg","url":"https:\/\/elke-duensing.de\/wp-content\/uploads\/2021\/05\/elke_portrait_600pix.jpg","contentUrl":"https:\/\/elke-duensing.de\/wp-content\/uploads\/2021\/05\/elke_portrait_600pix.jpg","width":396,"height":600,"caption":"Elke Duensing"},"logo":{"@id":"https:\/\/elke-duensing.de\/wp-content\/uploads\/2021\/05\/elke_portrait_600pix.jpg"}}]}},"_links":{"self":[{"href":"https:\/\/elke-duensing.de\/en\/wp-json\/wp\/v2\/pages\/16","targetHints":{"allow":["GET"]}}],"collection":[{"href":"https:\/\/elke-duensing.de\/en\/wp-json\/wp\/v2\/pages"}],"about":[{"href":"https:\/\/elke-duensing.de\/en\/wp-json\/wp\/v2\/types\/page"}],"author":[{"embeddable":true,"href":"https:\/\/elke-duensing.de\/en\/wp-json\/wp\/v2\/users\/1"}],"replies":[{"embeddable":true,"href":"https:\/\/elke-duensing.de\/en\/wp-json\/wp\/v2\/comments?post=16"}],"version-history":[{"count":0,"href":"https:\/\/elke-duensing.de\/en\/wp-json\/wp\/v2\/pages\/16\/revisions"}],"wp:attachment":[{"href":"https:\/\/elke-duensing.de\/en\/wp-json\/wp\/v2\/media?parent=16"}],"curies":[{"name":"wp","href":"https:\/\/api.w.org\/{rel}","templated":true}]}}